{"id":3462,"date":"2021-08-13T19:06:56","date_gmt":"2021-08-13T17:06:56","guid":{"rendered":"https:\/\/molinerologistica.es\/privacy-policy\/"},"modified":"2021-08-13T19:07:02","modified_gmt":"2021-08-13T17:07:02","slug":"privacy-policy","status":"publish","type":"page","link":"https:\/\/molinerologistica.es\/en\/privacy-policy\/","title":{"rendered":"Privacy Policy"},"content":{"rendered":"<h1>LEGAL NOTICE<\/h1>\n<p>The person responsible for this site is the company Molinero Log\u00edstica, S.L., whose tax data and company name appear below.<\/p>\n<h1>Privacy Policy<\/h1>\n<p>MOLINERO LOG\u00cdSTICA, S.L. has modified its Privacy Policies. We believe and defend that your privacy is especially important and that only you should decide what use is made of the information. Therefore, we have adapted to the European regulations on personal data protection.<\/p>\n<h3>Responsible for the treatment of data<\/h3>\n<p>MOLINERO LOG\u00cdSTICA, S.L.<br \/>CIF: B42104299<br \/>Postal address: POL. IND. EMILIANO REVILLA AVENIDA DE VALLADOLID 13, 42110 \u00d3lvega (Soria)<br \/>Phone number: 976192491<br \/>Email address: prodatos@molinerologistica.es<\/p>\n<h3>Purpose for which we process your data<\/h3>\n<p>To maintain the contractual relationship with you for the provision of logistics and transport services on behalf of MOLINERO LOG\u00cdSTICA, S.L. We will treat the information you provide us with to offer the requested service, perform the corresponding billing and comply with the legal obligations for the administrative, fiscal, and accounting management and\/or execution of a contract. To be able to contact you by email, telephone, or postal mail. To keep you informed about our activities, as well as any other information related to new services that we consider may be of interest to you.<\/p>\n<h3>Legitimate basis of data processing<\/h3>\n<p>The legitimate basis is the fulfillment of the contractual or pre-contractual relationship established with you, as well as the consent granted by you and in its absence the legitimate interest for the sending of the information that we consider of your interest.<\/p>\n<h3>Communications to third parties, Confidentiality<\/h3>\n<p>We inform you that MOLINERO LOG\u00cdSTICA, S.L. does not communicate your data to third parties and maintains absolute confidentiality regarding the information concerning your contacts or customers. MOLINERO LOG\u00cdSTICA, S.L. will only communicate your data to third parties if such communication of data is necessary for the provision of services and in cases where there is a legal obligation. Your data will be communicated to the Tax Administration, Social Security, Banks and financial institutions and\/or Public Administration with competence in the matter.<\/p>\n<h3>Data Retention<\/h3>\n<p>MOLINERO LOG\u00cdSTICA, S.L. will keep the data provided if the contractual relationship that motivated its processing is maintained or during the years necessary to comply with the legal obligations, attend to the responsibilities that may arise from it and as long as the recipient does not exercise his right of deletion or opposition to the processing. You have the rights of access, rectification, deletion, opposition, processing limitation, portability and to file the claims to which you are entitled by going to your corresponding control authority. Rights: Rights of the data holders:<\/p>\n<ul>\n<li>Right to request access to personal data relating to the interested party.<\/li>\n<li>Right to request the rectification of inaccurate data or, where appropriate, request its deletion when, among other reasons, the data are no longer necessary for the purposes for which they were collected.<\/li>\n<li>Right to request the limitation of your processing in which case we will only keep them for the exercise of or defense from claims.<\/li>\n<li>Right to object to processing. The data will no longer be processed, except for compelling legitimate reasons, or the exercise of or defense from claims.<\/li>\n<li>Right to data portability.<\/li>\n<\/ul>\n<p>To exercise such rights, you may send a communication:<br \/><u>By physical mail:<\/u><br \/>MOLINERO LOG\u00cdSTICA, S.L.<br \/>Att. Delegado de Protecci\u00f3n de datos (Data Protection Delegate)<br \/>POL IND EMILIANO REVILLA AVENIDA DE VALLADOLID 13, 42110 \u00d3lvega SORIA<br \/><u>By e-mail:<\/u><img src=\"http:\/\/www.molinerologistica.es\/emailimage.php?idmoli=prodatos\" alt=\"\"><br \/>If you wish to stop receiving commercial information from MOLINERO LOG\u00cdSTICA, S.L. send us an email with the word &#8220;Unsubscribe&#8221; in the subject line. In any case, if you have any questions regarding our data processing, do not hesitate to send us an e-mail to prodatos@molinerologistica.es. At MOLINERO LOG\u00cdSTICA, S.L. we take your privacy very seriously and appreciate your interest in continuing to receive our communications. I have been informed of the terms and I consent to the processing of my data.<\/p>\n<h1>Cookies Policy<\/h1>\n<p>We use cookies to:<\/p>\n<ul>\n<li>Get visit statistics with Google Analytics<\/li>\n<li>Access control in restricted areas<\/li>\n<li>Check whether you have accepted our cookies policy<\/li>\n<\/ul>\n<h1>Fiscal Data<\/h1>\n<p><b>Molinero Log\u00edstica, S.L.<\/b> \u00b7 CIF: B42104299<br \/>Address: Avda. Valladolid, 13<br \/>Tel: 976645424 \u00b7 Fax: 976645537<br \/>Email: prodatos@molinerologistica.es<\/p><\/p>\n\n<p><\/p>\n","protected":false},"excerpt":{"rendered":"<p>LEGAL NOTICE The person responsible for this site is the company Molinero Log\u00edstica, S.L., whose tax data and company name appear below. Privacy Policy MOLINERO LOG\u00cdSTICA, S.L. has modified its Privacy Policies. We believe and defend that your privacy is especially important and that only you should decide what use is made of the information. [&hellip;]<\/p>\n","protected":false},"author":1,"featured_media":0,"parent":0,"menu_order":0,"comment_status":"closed","ping_status":"open","template":"","meta":[],"acf":[],"yoast_head":"<!-- This site is optimized with the Yoast SEO plugin v17.3 - https:\/\/yoast.com\/wordpress\/plugins\/seo\/ -->\n<title>Privacy Policy - Molinero Log\u00edstica<\/title>\n<meta name=\"robots\" content=\"index, follow, max-snippet:-1, max-image-preview:large, max-video-preview:-1\" \/>\n<link rel=\"canonical\" href=\"https:\/\/molinerologistica.es\/en\/privacy-policy\/\" \/>\n<meta property=\"og:locale\" content=\"en_US\" \/>\n<meta property=\"og:type\" content=\"article\" \/>\n<meta property=\"og:title\" content=\"Privacy Policy - Molinero Log\u00edstica\" \/>\n<meta property=\"og:description\" content=\"LEGAL NOTICE The person responsible for this site is the company Molinero Log\u00edstica, S.L., whose tax data and company name appear below. Privacy Policy MOLINERO LOG\u00cdSTICA, S.L. has modified its Privacy Policies. We believe and defend that your privacy is especially important and that only you should decide what use is made of the information. [&hellip;]\" \/>\n<meta property=\"og:url\" content=\"https:\/\/molinerologistica.es\/en\/privacy-policy\/\" \/>\n<meta property=\"og:site_name\" content=\"Molinero Log\u00edstica\" \/>\n<meta property=\"article:modified_time\" content=\"2021-08-13T17:07:02+00:00\" \/>\n<meta property=\"og:image\" content=\"http:\/\/www.molinerologistica.es\/emailimage.php?idmoli=prodatos\" \/>\n<meta name=\"twitter:card\" content=\"summary_large_image\" \/>\n<meta name=\"twitter:label1\" content=\"Est. reading time\" \/>\n\t<meta name=\"twitter:data1\" content=\"4 minutes\" \/>\n<script type=\"application\/ld+json\" class=\"yoast-schema-graph\">{\"@context\":\"https:\/\/schema.org\",\"@graph\":[{\"@type\":\"Organization\",\"@id\":\"https:\/\/molinerologistica.es\/#organization\",\"name\":\"Molinero Log\\u00edstica\",\"url\":\"https:\/\/molinerologistica.es\/\",\"sameAs\":[],\"logo\":{\"@type\":\"ImageObject\",\"@id\":\"https:\/\/molinerologistica.es\/#logo\",\"inLanguage\":\"en-US\",\"url\":\"https:\/\/molinerologistica.es\/wp-content\/uploads\/2020\/06\/molinero-logistica-logo.png\",\"contentUrl\":\"https:\/\/molinerologistica.es\/wp-content\/uploads\/2020\/06\/molinero-logistica-logo.png\",\"width\":400,\"height\":116,\"caption\":\"Molinero Log\\u00edstica\"},\"image\":{\"@id\":\"https:\/\/molinerologistica.es\/#logo\"}},{\"@type\":\"WebSite\",\"@id\":\"https:\/\/molinerologistica.es\/#website\",\"url\":\"https:\/\/molinerologistica.es\/\",\"name\":\"Molinero Log\\u00edstica\",\"description\":\"Log\\u00edstica\",\"publisher\":{\"@id\":\"https:\/\/molinerologistica.es\/#organization\"},\"potentialAction\":[{\"@type\":\"SearchAction\",\"target\":{\"@type\":\"EntryPoint\",\"urlTemplate\":\"https:\/\/molinerologistica.es\/?s={search_term_string}\"},\"query-input\":\"required name=search_term_string\"}],\"inLanguage\":\"en-US\"},{\"@type\":\"ImageObject\",\"@id\":\"https:\/\/molinerologistica.es\/en\/privacy-policy\/#primaryimage\",\"inLanguage\":\"en-US\",\"url\":\"http:\/\/www.molinerologistica.es\/emailimage.php?idmoli=prodatos\",\"contentUrl\":\"http:\/\/www.molinerologistica.es\/emailimage.php?idmoli=prodatos\"},{\"@type\":\"WebPage\",\"@id\":\"https:\/\/molinerologistica.es\/en\/privacy-policy\/#webpage\",\"url\":\"https:\/\/molinerologistica.es\/en\/privacy-policy\/\",\"name\":\"Privacy Policy - Molinero Log\\u00edstica\",\"isPartOf\":{\"@id\":\"https:\/\/molinerologistica.es\/#website\"},\"primaryImageOfPage\":{\"@id\":\"https:\/\/molinerologistica.es\/en\/privacy-policy\/#primaryimage\"},\"datePublished\":\"2021-08-13T17:06:56+00:00\",\"dateModified\":\"2021-08-13T17:07:02+00:00\",\"breadcrumb\":{\"@id\":\"https:\/\/molinerologistica.es\/en\/privacy-policy\/#breadcrumb\"},\"inLanguage\":\"en-US\",\"potentialAction\":[{\"@type\":\"ReadAction\",\"target\":[\"https:\/\/molinerologistica.es\/en\/privacy-policy\/\"]}]},{\"@type\":\"BreadcrumbList\",\"@id\":\"https:\/\/molinerologistica.es\/en\/privacy-policy\/#breadcrumb\",\"itemListElement\":[{\"@type\":\"ListItem\",\"position\":1,\"name\":\"Portada\",\"item\":\"https:\/\/molinerologistica.es\/en\/\"},{\"@type\":\"ListItem\",\"position\":2,\"name\":\"Privacy Policy\"}]}]}<\/script>\n<!-- \/ Yoast SEO plugin. -->","yoast_head_json":{"title":"Privacy Policy - Molinero Log\u00edstica","robots":{"index":"index","follow":"follow","max-snippet":"max-snippet:-1","max-image-preview":"max-image-preview:large","max-video-preview":"max-video-preview:-1"},"canonical":"https:\/\/molinerologistica.es\/en\/privacy-policy\/","og_locale":"en_US","og_type":"article","og_title":"Privacy Policy - Molinero Log\u00edstica","og_description":"LEGAL NOTICE The person responsible for this site is the company Molinero Log\u00edstica, S.L., whose tax data and company name appear below. Privacy Policy MOLINERO LOG\u00cdSTICA, S.L. has modified its Privacy Policies. We believe and defend that your privacy is especially important and that only you should decide what use is made of the information. [&hellip;]","og_url":"https:\/\/molinerologistica.es\/en\/privacy-policy\/","og_site_name":"Molinero Log\u00edstica","article_modified_time":"2021-08-13T17:07:02+00:00","og_image":[{"url":"http:\/\/www.molinerologistica.es\/emailimage.php?idmoli=prodatos"}],"twitter_card":"summary_large_image","twitter_misc":{"Est. reading time":"4 minutes"},"schema":{"@context":"https:\/\/schema.org","@graph":[{"@type":"Organization","@id":"https:\/\/molinerologistica.es\/#organization","name":"Molinero Log\u00edstica","url":"https:\/\/molinerologistica.es\/","sameAs":[],"logo":{"@type":"ImageObject","@id":"https:\/\/molinerologistica.es\/#logo","inLanguage":"en-US","url":"https:\/\/molinerologistica.es\/wp-content\/uploads\/2020\/06\/molinero-logistica-logo.png","contentUrl":"https:\/\/molinerologistica.es\/wp-content\/uploads\/2020\/06\/molinero-logistica-logo.png","width":400,"height":116,"caption":"Molinero Log\u00edstica"},"image":{"@id":"https:\/\/molinerologistica.es\/#logo"}},{"@type":"WebSite","@id":"https:\/\/molinerologistica.es\/#website","url":"https:\/\/molinerologistica.es\/","name":"Molinero Log\u00edstica","description":"Log\u00edstica","publisher":{"@id":"https:\/\/molinerologistica.es\/#organization"},"potentialAction":[{"@type":"SearchAction","target":{"@type":"EntryPoint","urlTemplate":"https:\/\/molinerologistica.es\/?s={search_term_string}"},"query-input":"required name=search_term_string"}],"inLanguage":"en-US"},{"@type":"ImageObject","@id":"https:\/\/molinerologistica.es\/en\/privacy-policy\/#primaryimage","inLanguage":"en-US","url":"http:\/\/www.molinerologistica.es\/emailimage.php?idmoli=prodatos","contentUrl":"http:\/\/www.molinerologistica.es\/emailimage.php?idmoli=prodatos"},{"@type":"WebPage","@id":"https:\/\/molinerologistica.es\/en\/privacy-policy\/#webpage","url":"https:\/\/molinerologistica.es\/en\/privacy-policy\/","name":"Privacy Policy - Molinero Log\u00edstica","isPartOf":{"@id":"https:\/\/molinerologistica.es\/#website"},"primaryImageOfPage":{"@id":"https:\/\/molinerologistica.es\/en\/privacy-policy\/#primaryimage"},"datePublished":"2021-08-13T17:06:56+00:00","dateModified":"2021-08-13T17:07:02+00:00","breadcrumb":{"@id":"https:\/\/molinerologistica.es\/en\/privacy-policy\/#breadcrumb"},"inLanguage":"en-US","potentialAction":[{"@type":"ReadAction","target":["https:\/\/molinerologistica.es\/en\/privacy-policy\/"]}]},{"@type":"BreadcrumbList","@id":"https:\/\/molinerologistica.es\/en\/privacy-policy\/#breadcrumb","itemListElement":[{"@type":"ListItem","position":1,"name":"Portada","item":"https:\/\/molinerologistica.es\/en\/"},{"@type":"ListItem","position":2,"name":"Privacy Policy"}]}]}},"_links":{"self":[{"href":"https:\/\/molinerologistica.es\/en\/wp-json\/wp\/v2\/pages\/3462"}],"collection":[{"href":"https:\/\/molinerologistica.es\/en\/wp-json\/wp\/v2\/pages"}],"about":[{"href":"https:\/\/molinerologistica.es\/en\/wp-json\/wp\/v2\/types\/page"}],"author":[{"embeddable":true,"href":"https:\/\/molinerologistica.es\/en\/wp-json\/wp\/v2\/users\/1"}],"replies":[{"embeddable":true,"href":"https:\/\/molinerologistica.es\/en\/wp-json\/wp\/v2\/comments?post=3462"}],"version-history":[{"count":3,"href":"https:\/\/molinerologistica.es\/en\/wp-json\/wp\/v2\/pages\/3462\/revisions"}],"predecessor-version":[{"id":3466,"href":"https:\/\/molinerologistica.es\/en\/wp-json\/wp\/v2\/pages\/3462\/revisions\/3466"}],"wp:attachment":[{"href":"https:\/\/molinerologistica.es\/en\/wp-json\/wp\/v2\/media?parent=3462"}],"curies":[{"name":"wp","href":"https:\/\/api.w.org\/{rel}","templated":true}]}}